{"id":1237,"date":"2023-06-05T14:39:49","date_gmt":"2023-06-05T12:39:49","guid":{"rendered":"https:\/\/www.camping-panoramic.com\/startseite\/"},"modified":"2024-02-13T14:53:21","modified_gmt":"2024-02-13T13:53:21","slug":"startseite","status":"publish","type":"page","link":"https:\/\/www.camping-panoramic.com\/de\/","title":{"rendered":"Startseite"},"content":{"rendered":"\n<div class=\"wp-block-cover alignfull is-light\"><span aria-hidden=\"true\" class=\"has-background-dim-0 wp-block-cover__gradient-background has-background-dim\"><\/span><img width=\"2000\" height=\"1331\" class=\"wp-block-cover__image-background wp-image-1150\" alt=\"\" src=\"https:\/\/www.camping-panoramic.com\/wp-content\/uploads\/2023\/06\/107-16.jpg\" style=\"object-position:49% 70%\" data-object-fit=\"cover\" data-object-position=\"49% 70%\" srcset=\"https:\/\/www.camping-panoramic.com\/wp-content\/uploads\/2023\/06\/107-16.jpg 2000w, https:\/\/www.camping-panoramic.com\/wp-content\/uploads\/2023\/06\/107-16-300x200.jpg 300w, https:\/\/www.camping-panoramic.com\/wp-content\/uploads\/2023\/06\/107-16-1024x681.jpg 1024w, https:\/\/www.camping-panoramic.com\/wp-content\/uploads\/2023\/06\/107-16-768x511.jpg 768w, https:\/\/www.camping-panoramic.com\/wp-content\/uploads\/2023\/06\/107-16-1536x1022.jpg 1536w\" sizes=\"(max-width: 2000px) 100vw, 2000px\" \/><div class=\"wp-block-cover__inner-container\">\n<p class=\"h2\"><i class=\"fas fa-star-sharp\"><\/i> <i class=\"fas fa-star-sharp\"><\/i> <i class=\"fas fa-star-sharp\"><\/i> <i class=\"fas fa-star-sharp\"><\/i><\/p>\n\n\n\n<h1 id=\"camping-a-la-presqu-ile-de-crozon-avec-vue-sur-mer\">Campingplatz auf der Halbinsel Crozon <strong>mit Meerblick&#8230;<\/strong><\/h1>\n\n\n<ctv-searchbar><\/ctv-searchbar>\n<\/div><\/div>\n\n\n\n<div class=\"wp-block-columns P-05\">\n<div class=\"wp-block-column\">\n<h2 class=\"has-cafe-color has-text-color\" id=\"camping-crozon-bretagne-vue-mer-avec-piscine-chauffee-restaurant-et-panorama-sur-la-baie-de-douarnenez\">Campingplatz Crozon Bretagne Meerblick mit beheiztem Pool, Restaurant und Panoramablick auf die Bucht von Douarnenez.<\/h2>\n\n\n\n<p><strong>De familie JACQ<\/strong> verwelkomt u al <strong>sinds 1972<\/strong>, het jaar waarin de <strong>camping Crozon<\/strong> werd opgericht, <strong>aan de ingang van het schiereiland Crozon.<\/strong> Sie wird Botschafterin ihrer <strong>Region<\/strong> sein, weil sie fest im <strong>lokalen Leben<\/strong> verankert ist. Ein Aufenthalt im Panoramic wird von all jenen gesch\u00e4tzt, die sich gerne <strong>in Ruhe und verbunden mit der Natur<\/strong> erholen. Sie profitieren von gro\u00dfen, privaten Stellpl\u00e4tzen mit <strong>Panoramablick<\/strong> auf den sch\u00f6nen Strand von Trez-Bellec (700 m entfernt) sowie auf die <strong>Bucht von Douarnenez<\/strong>.<\/p>\n\n\n\n<p class=\"uppercase\">Ihr Meerblick gegen\u00fcber der Bucht von Douarnenez!<\/p>\n\n\n\n<div class=\"wp-block-group lire-plus-pc\"><div class=\"wp-block-group__inner-container\">\n<p>Lesen Sie mehr<\/p>\n\n\n\n<div class=\"wp-container-69e448c4701c4 wp-block-group\"><div class=\"wp-block-group__inner-container\">\n<p>Ein <strong>Campingplatz Crozon<\/strong> im Herzen einer gesch\u00fctzten Natur im <strong>Regionalen Naturpark Armorique <\/strong>und im <strong>Meerespark Iroise<\/strong>, ganz in der N\u00e4he der <strong>Espaces Remarquables en Bretagne<\/strong> und der mit der <strong>Blauen Flag<\/strong> ge ausgezeichneten H\u00e4fen von <strong>Morgat, Camaret<\/strong> und Douarnenez. Hier k\u00f6nnen Sie einen<strong> Aktiv- und Kultururlaub<\/strong> organisieren und so die gesamte Region <strong>Finist\u00e8re &#8211; Bretagne<\/strong> ausstrahlen.<\/p>\n<\/div><\/div>\n<\/div><\/div>\n\n\n\n<div class=\"wp-container-69e448c470678 wp-block-buttons\">\n<div class=\"wp-block-button is-style-outline\"><a class=\"wp-block-button__link\" href=\"https:\/\/www.camping-panoramic.com\/de\/vermietungen\/\">Siehe Vermietungen<\/a><\/div>\n\n\n\n<div class=\"wp-block-button is-style-outline\"><a class=\"wp-block-button__link\" href=\"https:\/\/www.camping-panoramic.com\/de\/standorte\/\">Siehe Standorte<\/a><\/div>\n<\/div>\n\n\n\n<p class=\"h2\"><strong>Genie\u00dfen Sie die Seeluft!<\/strong><\/p>\n<\/div>\n\n\n\n<div class=\"wp-block-column\">\n<div class=\"wp-container-69e448c4709fe wp-block-buttons\">\n<div class=\"wp-block-button btn_galerie\"><a class=\"wp-block-button__link\" href=\"https:\/\/www.camping-panoramic.com\/de\/fotogalerie\/\"><i class=\"fas fa-camera-retro\"><\/i>  Siehe die Fotogalerie<\/a><\/div>\n<\/div>\n\n\n\n<figure class=\"wp-block-image size-large\"><img width=\"1024\" height=\"681\" src=\"https:\/\/www.camping-panoramic.com\/wp-content\/uploads\/2023\/06\/87-2-1024x681.jpg\" alt=\"\" class=\"wp-image-1145\" srcset=\"https:\/\/www.camping-panoramic.com\/wp-content\/uploads\/2023\/06\/87-2-1024x681.jpg 1024w, https:\/\/www.camping-panoramic.com\/wp-content\/uploads\/2023\/06\/87-2-300x200.jpg 300w, https:\/\/www.camping-panoramic.com\/wp-content\/uploads\/2023\/06\/87-2-768x511.jpg 768w, https:\/\/www.camping-panoramic.com\/wp-content\/uploads\/2023\/06\/87-2-1536x1022.jpg 1536w, https:\/\/www.camping-panoramic.com\/wp-content\/uploads\/2023\/06\/87-2.jpg 2000w\" sizes=\"(max-width: 1024px) 100vw, 1024px\" \/><\/figure>\n\n\n\n<figure class=\"wp-block-image size-large\"><img width=\"1024\" height=\"681\" src=\"https:\/\/www.camping-panoramic.com\/wp-content\/uploads\/2023\/06\/vue-4-1024x681.jpg\" alt=\"\" class=\"wp-image-1154\" srcset=\"https:\/\/www.camping-panoramic.com\/wp-content\/uploads\/2023\/06\/vue-4-1024x681.jpg 1024w, https:\/\/www.camping-panoramic.com\/wp-content\/uploads\/2023\/06\/vue-4-300x200.jpg 300w, https:\/\/www.camping-panoramic.com\/wp-content\/uploads\/2023\/06\/vue-4-768x511.jpg 768w, https:\/\/www.camping-panoramic.com\/wp-content\/uploads\/2023\/06\/vue-4-1536x1022.jpg 1536w, https:\/\/www.camping-panoramic.com\/wp-content\/uploads\/2023\/06\/vue-4.jpg 2000w\" sizes=\"(max-width: 1024px) 100vw, 1024px\" \/><\/figure>\n<\/div>\n<\/div>\n\n\n\n<div class=\"wp-block-columns alignfull P-10 reverse-mob\">\n<div class=\"wp-block-column\">\n<figure class=\"wp-block-gallery has-nested-images columns-4 is-cropped diaporama-mob\">\n<figure class=\"wp-block-image size-large\"><img width=\"1331\" height=\"2000\" src=\"https:\/\/www.camping-panoramic.com\/wp-content\/uploads\/2023\/04\/rando-4.jpg\" alt=\"\" class=\"wp-image-554\" srcset=\"https:\/\/www.camping-panoramic.com\/wp-content\/uploads\/2023\/04\/rando-4.jpg 1331w, https:\/\/www.camping-panoramic.com\/wp-content\/uploads\/2023\/04\/rando-4-200x300.jpg 200w, https:\/\/www.camping-panoramic.com\/wp-content\/uploads\/2023\/04\/rando-4-681x1024.jpg 681w, https:\/\/www.camping-panoramic.com\/wp-content\/uploads\/2023\/04\/rando-4-768x1154.jpg 768w, https:\/\/www.camping-panoramic.com\/wp-content\/uploads\/2023\/04\/rando-4-1022x1536.jpg 1022w\" sizes=\"(max-width: 1331px) 100vw, 1331px\" \/><\/figure>\n\n\n\n<figure class=\"wp-block-image size-large\"><img width=\"2000\" height=\"1331\" src=\"https:\/\/www.camping-panoramic.com\/wp-content\/uploads\/2023\/04\/87-2.jpg\" alt=\"\" class=\"wp-image-557\" srcset=\"https:\/\/www.camping-panoramic.com\/wp-content\/uploads\/2023\/04\/87-2.jpg 2000w, https:\/\/www.camping-panoramic.com\/wp-content\/uploads\/2023\/04\/87-2-300x200.jpg 300w, https:\/\/www.camping-panoramic.com\/wp-content\/uploads\/2023\/04\/87-2-1024x681.jpg 1024w, https:\/\/www.camping-panoramic.com\/wp-content\/uploads\/2023\/04\/87-2-768x511.jpg 768w, https:\/\/www.camping-panoramic.com\/wp-content\/uploads\/2023\/04\/87-2-1536x1022.jpg 1536w\" sizes=\"(max-width: 2000px) 100vw, 2000px\" \/><\/figure>\n\n\n\n<figure class=\"wp-block-image size-large\"><img width=\"2000\" height=\"1331\" src=\"https:\/\/www.camping-panoramic.com\/wp-content\/uploads\/2023\/04\/111-12.jpg\" alt=\"\" class=\"wp-image-563\" srcset=\"https:\/\/www.camping-panoramic.com\/wp-content\/uploads\/2023\/04\/111-12.jpg 2000w, https:\/\/www.camping-panoramic.com\/wp-content\/uploads\/2023\/04\/111-12-300x200.jpg 300w, https:\/\/www.camping-panoramic.com\/wp-content\/uploads\/2023\/04\/111-12-1024x681.jpg 1024w, https:\/\/www.camping-panoramic.com\/wp-content\/uploads\/2023\/04\/111-12-768x511.jpg 768w, https:\/\/www.camping-panoramic.com\/wp-content\/uploads\/2023\/04\/111-12-1536x1022.jpg 1536w\" sizes=\"(max-width: 2000px) 100vw, 2000px\" \/><\/figure>\n\n\n\n<figure class=\"wp-block-image size-large\"><img width=\"2560\" height=\"1920\" src=\"https:\/\/www.camping-panoramic.com\/wp-content\/uploads\/2023\/04\/LE-PANORAMIC-CROZON-Camping-car-scaled.jpg\" alt=\"\" class=\"wp-image-569\" srcset=\"https:\/\/www.camping-panoramic.com\/wp-content\/uploads\/2023\/04\/LE-PANORAMIC-CROZON-Camping-car-scaled.jpg 2560w, https:\/\/www.camping-panoramic.com\/wp-content\/uploads\/2023\/04\/LE-PANORAMIC-CROZON-Camping-car-300x225.jpg 300w, https:\/\/www.camping-panoramic.com\/wp-content\/uploads\/2023\/04\/LE-PANORAMIC-CROZON-Camping-car-1024x768.jpg 1024w, https:\/\/www.camping-panoramic.com\/wp-content\/uploads\/2023\/04\/LE-PANORAMIC-CROZON-Camping-car-768x576.jpg 768w, https:\/\/www.camping-panoramic.com\/wp-content\/uploads\/2023\/04\/LE-PANORAMIC-CROZON-Camping-car-1536x1152.jpg 1536w, https:\/\/www.camping-panoramic.com\/wp-content\/uploads\/2023\/04\/LE-PANORAMIC-CROZON-Camping-car-2048x1536.jpg 2048w\" sizes=\"(max-width: 2560px) 100vw, 2560px\" \/><\/figure>\n<\/figure>\n<\/div>\n\n\n\n<div class=\"wp-block-column\">\n<h3 class=\"has-gris-color has-text-color\" id=\"122-emplacements-vue-mer-et-28-locatifs-sur-plus-de-4-hectares-surplombant-la-baie-de-douarnenez\">120 Stellpl\u00e4tze mit Meerblick, darunter 30 Mietunterk\u00fcnfte, auf einer Fl\u00e4che von mehr als 4 Hektar mit Blick auf die Bucht von Douarnenez.<\/h3>\n\n\n\n<p>F\u00fcr einen unvergesslichen Aufenthalt an der K\u00fcste des Finist\u00e8re bieten wir Ihnen dank unserer 30 Mobilheime sowie unserer 120 Stellpl\u00e4tze mit Blick auf die Bucht von Douarnenez in sonniger oder halbschattiger Lage einen hohen Mietkomfort.<\/p>\n\n\n\n<div class=\"wp-container-69e448c470f8a wp-block-buttons\">\n<div class=\"wp-block-button btn_resa\"><a class=\"wp-block-button__link\">Buchen  <i class=\"fal fa-search\"><\/i><\/a><\/div>\n\n\n\n<div class=\"wp-block-button\"><a class=\"wp-block-button__link\" href=\"https:\/\/notre.guide\/sp-lepanoramic\/\"><i class=\"fas fa-circle-info\"><\/i> Entdecken Sie unser Begr\u00fc\u00dfungsheft und unsere guten Tipps<\/a><\/div>\n<\/div>\n\n\n\n<ul class=\"pictos has-bleu-color has-text-color\"><li><i class=\"fal fa-trees\"><\/i>  Nat\u00fcrliche R\u00e4ume<\/li><li><i class=\"fal fa-sun-haze\"><\/i>  Blick auf das Meer<\/li><li><i class=\"fal fa-stars\"><\/i>  Komforturlaub<\/li><\/ul>\n<\/div>\n<\/div>\n\n\n\n<div class=\"wp-block-columns P-05 P-05-b\">\n<div class=\"wp-block-column\">\n<h2 class=\"has-bleu-color has-text-color\" id=\"camping-crozon-bretagne-vue-mer-avec-piscine-chauffee-restaurant-et-panorama-sur-la-baie-de-douarnenez\">Die Halbinsel Crozon, eine Region mit einem unvergesslichen touristischen und kulturellen Erbe<\/h2>\n\n\n\n<div class=\"wp-block-columns\">\n<div class=\"wp-block-column\">\n<p>Die Familie JACQ wird Sie zu den lokalen Akteuren f\u00fchren, mit denen Sie sich austauschen und teilen k\u00f6nnen&#8230; Au\u00dferdem wird sie Ihnen das reiche Kulturerbe der Halbinsel <strong>Crozon n\u00e4her bringen k\u00f6nnen<\/strong>. Het leidt je ook naar onvergetelijke landschappen terwijl je de nabijgelegen <strong>GR34<\/strong> bewandelt. Camping Le Panoramic maakt ook deel uit van het netwerk <strong>&#8222;Sites et Paysages&#8220;<\/strong>, dat een vijftigtal campings met 3 tot 5 sterren omvat, allemaal met het kwaliteitslabel &#8222;Qualit\u00e9 Tourisme&#8220; en gelegen in de mooiste streken van Frankrijk.<\/p>\n<\/div>\n\n\n\n<div class=\"wp-block-column\">\n<p>So k\u00f6nnen Sie Menschen kennenlernen, die eine Leidenschaft f\u00fcr ihre Heimat haben. Es ist eine einzigartige Erfahrung, um Erinnerungen zu schaffen. Der Campingplatz tr\u00e4gt das G\u00fctesiegel <strong>Clef Verte<\/strong>, da er umweltfreundlich ist. Dies ist ein Qualit\u00e4tsmerkmal f\u00fcr einen stressfreien Aufenthalt, der mit der Natur verbunden ist.<\/p>\n\n\n\n<div class=\"wp-container-69e448c4713ad wp-block-buttons\">\n<div class=\"wp-block-button btn_resa\"><a class=\"wp-block-button__link\">Buchen  <i class=\"fal fa-search\"><\/i><\/a><\/div>\n<\/div>\n<\/div>\n<\/div>\n<\/div>\n\n\n\n<div class=\"wp-block-column\">\n<p class=\"h1 has-cafe-color has-text-color\"><strong>Entdecken Sie.<\/strong><\/p>\n\n\n\n<p class=\"h1 has-gris-color has-text-color\"><strong>.. die Region<\/strong><\/p>\n\n\n\n<figure class=\"wp-block-image size-full\"><img width=\"480\" height=\"398\" src=\"https:\/\/www.camping-panoramic.com\/wp-content\/uploads\/2023\/04\/CROPNMD25-Pointe-de-Dinan-2-EDP-1800x700-1.jpg\" alt=\"\" class=\"wp-image-573\" srcset=\"https:\/\/www.camping-panoramic.com\/wp-content\/uploads\/2023\/04\/CROPNMD25-Pointe-de-Dinan-2-EDP-1800x700-1.jpg 480w, https:\/\/www.camping-panoramic.com\/wp-content\/uploads\/2023\/04\/CROPNMD25-Pointe-de-Dinan-2-EDP-1800x700-1-300x249.jpg 300w\" sizes=\"(max-width: 480px) 100vw, 480px\" \/><\/figure>\n\n\n\n<figure class=\"wp-block-image size-full\"><img width=\"721\" height=\"388\" src=\"https:\/\/www.camping-panoramic.com\/wp-content\/uploads\/2023\/04\/dauphins-04-camping-le-panoramic.jpg\" alt=\"\" class=\"wp-image-576\" srcset=\"https:\/\/www.camping-panoramic.com\/wp-content\/uploads\/2023\/04\/dauphins-04-camping-le-panoramic.jpg 721w, https:\/\/www.camping-panoramic.com\/wp-content\/uploads\/2023\/04\/dauphins-04-camping-le-panoramic-300x161.jpg 300w\" sizes=\"(max-width: 721px) 100vw, 721px\" \/><\/figure>\n<\/div>\n<\/div>\n\n\n\n<div class=\"wp-block-cover alignfull is-light\"><span aria-hidden=\"true\" class=\"has-background-dim-0 wp-block-cover__gradient-background has-background-dim\"><\/span><img width=\"1920\" height=\"732\" class=\"wp-block-cover__image-background wp-image-633\" alt=\"\" src=\"https:\/\/www.camping-panoramic.com\/wp-content\/uploads\/2023\/04\/presquile-crozon-1800x700-1.jpg\" data-object-fit=\"cover\" srcset=\"https:\/\/www.camping-panoramic.com\/wp-content\/uploads\/2023\/04\/presquile-crozon-1800x700-1.jpg 1920w, https:\/\/www.camping-panoramic.com\/wp-content\/uploads\/2023\/04\/presquile-crozon-1800x700-1-300x114.jpg 300w, https:\/\/www.camping-panoramic.com\/wp-content\/uploads\/2023\/04\/presquile-crozon-1800x700-1-1024x390.jpg 1024w, https:\/\/www.camping-panoramic.com\/wp-content\/uploads\/2023\/04\/presquile-crozon-1800x700-1-768x293.jpg 768w, https:\/\/www.camping-panoramic.com\/wp-content\/uploads\/2023\/04\/presquile-crozon-1800x700-1-1536x586.jpg 1536w\" sizes=\"(max-width: 1920px) 100vw, 1920px\" \/><div class=\"wp-block-cover__inner-container\">\n<p class=\"has-text-align-center has-large-font-size\"><\/p>\n<\/div><\/div>\n\n\n\n<div class=\"wp-block-columns P-15\">\n<div class=\"wp-block-column\">\n<h2 class=\"has-marron-color has-text-color\" id=\"un-camping-vue-mer-panoramique-imprenable-avec-piscine-chauffee\">Ein Campingplatz mit atemberaubendem Panorama-Meerblick und beheiztem Pool!<\/h2>\n\n\n\n<p>Das Panoramic **** liegt auf der Presqu&#8217;il de Crozon und bietet Ihnen einen au\u00dfergew\u00f6hnlichen Blick auf die Bucht von Douarnenez! Campingplatz &#8222;Sites et Paysages&#8220; mit Meerblick, ruhig, naturnah und familienfreundlich mit beheiztem Pool.<\/p>\n\n\n\n<ul class=\"pictos col-3 has-cafe-color has-text-color\"><li><i class=\"fal fa-water-arrow-down\"><\/i> Verwarmd kinderbad<\/li><li><i class=\"fal fa-water-ladder\"><\/i>  Beheizter Swimmingpool<\/li><li><i class=\"fal fa-sun\"><\/i>  Sonnenbad<\/li><\/ul>\n\n\n\n<div class=\"wp-container-69e448c4718c9 wp-block-buttons\">\n<div class=\"wp-block-button is-style-outline\"><a class=\"wp-block-button__link\" href=\"https:\/\/www.camping-panoramic.com\/de\/wasserraum\/\">Entdecken Sie den Wasserbereich<\/a><\/div>\n<\/div>\n<\/div>\n\n\n\n<div class=\"wp-block-column\">\n<div class=\"wp-container-69e448c471c1c wp-block-buttons\">\n<div class=\"wp-block-button btn_galerie\"><a class=\"wp-block-button__link\" href=\"https:\/\/www.camping-panoramic.com\/de\/fotogalerie\/\"><i class=\"fas fa-camera-retro\"><\/i>  Siehe die Fotogalerie<\/a><\/div>\n<\/div>\n\n\n\n<figure class=\"wp-block-image size-full\"><img width=\"434\" height=\"597\" src=\"https:\/\/www.camping-panoramic.com\/wp-content\/uploads\/2023\/04\/piscine-7.jpg\" alt=\"\" class=\"wp-image-642\" srcset=\"https:\/\/www.camping-panoramic.com\/wp-content\/uploads\/2023\/04\/piscine-7.jpg 434w, https:\/\/www.camping-panoramic.com\/wp-content\/uploads\/2023\/04\/piscine-7-218x300.jpg 218w\" sizes=\"(max-width: 434px) 100vw, 434px\" \/><\/figure>\n\n\n\n<figure class=\"wp-block-image size-full\"><img width=\"870\" height=\"555\" src=\"https:\/\/www.camping-panoramic.com\/wp-content\/uploads\/2023\/04\/piscine-4.jpg\" alt=\"\" class=\"wp-image-645\" srcset=\"https:\/\/www.camping-panoramic.com\/wp-content\/uploads\/2023\/04\/piscine-4.jpg 870w, https:\/\/www.camping-panoramic.com\/wp-content\/uploads\/2023\/04\/piscine-4-300x191.jpg 300w, https:\/\/www.camping-panoramic.com\/wp-content\/uploads\/2023\/04\/piscine-4-768x490.jpg 768w\" sizes=\"(max-width: 870px) 100vw, 870px\" \/><\/figure>\n<\/div>\n<\/div>\n\n\n\n<div class=\"wp-block-columns alignfull P-20 reverse-mob\">\n<div class=\"wp-block-column\">\n<div class=\"wp-container-69e448c471ff2 wp-block-buttons\">\n<div class=\"wp-block-button is-style-outline\"><a class=\"wp-block-button__link\" href=\"https:\/\/www.camping-panoramic.com\/de\/dienste\/\">Alle Dienste entdecken<\/a><\/div>\n<\/div>\n\n\n\n<figure class=\"wp-block-image size-large\"><img width=\"880\" height=\"442\" src=\"https:\/\/www.camping-panoramic.com\/wp-content\/uploads\/2023\/04\/restaurant-13.jpg\" alt=\"\" class=\"wp-image-582\" srcset=\"https:\/\/www.camping-panoramic.com\/wp-content\/uploads\/2023\/04\/restaurant-13.jpg 880w, https:\/\/www.camping-panoramic.com\/wp-content\/uploads\/2023\/04\/restaurant-13-300x151.jpg 300w, https:\/\/www.camping-panoramic.com\/wp-content\/uploads\/2023\/04\/restaurant-13-768x386.jpg 768w\" sizes=\"(max-width: 880px) 100vw, 880px\" \/><\/figure>\n\n\n\n<figure class=\"wp-block-image size-large\"><img width=\"320\" height=\"403\" src=\"https:\/\/www.camping-panoramic.com\/wp-content\/uploads\/2023\/04\/restaurant-8.jpg\" alt=\"\" class=\"wp-image-579\" srcset=\"https:\/\/www.camping-panoramic.com\/wp-content\/uploads\/2023\/04\/restaurant-8.jpg 320w, https:\/\/www.camping-panoramic.com\/wp-content\/uploads\/2023\/04\/restaurant-8-238x300.jpg 238w\" sizes=\"(max-width: 320px) 100vw, 320px\" \/><\/figure>\n<\/div>\n\n\n\n<div class=\"wp-block-column\">\n<h2 class=\"has-gris-color has-text-color\" id=\"profitez-du-restaurant-avec-une-superbe-vue-sur-la-mer\">Genie\u00dfen Sie das Restaurant mit herrlichem Meerblick<\/h2>\n\n\n\n<ul class=\"pictos column has-bleu-color has-text-color\"><li><i class=\"fal fa-fork-knife\"><\/i>  Restaurant auf dem Campingplatz<\/li><li><i class=\"fal fa-bag-shopping\"><\/i>  Gerichte zum Mitnehmen<\/li><li><i class=\"fal fa-cocktail\"><\/i>  Bar des Campingplatzes<\/li><\/ul>\n<\/div>\n<\/div>\n","protected":false},"excerpt":{"rendered":"<p>Campingplatz Crozon Bretagne Meerblick mit beheiztem Pool, Restaurant und Panoramablick auf die Bucht von Douarnenez. De familie JACQ verwelkomt u al sinds 1972, het jaar waarin de camping Crozon werd opgericht, aan de ingang van het schiereiland Crozon. Sie wird Botschafterin ihrer Region sein, weil sie fest im lokalen Leben verankert ist. Ein Aufenthalt im [&hellip;]<\/p>\n","protected":false},"author":1,"featured_media":0,"parent":0,"menu_order":0,"comment_status":"closed","ping_status":"closed","template":"","meta":[],"acf":[],"_links":{"self":[{"href":"https:\/\/www.camping-panoramic.com\/de\/wp-json\/wp\/v2\/pages\/1237"}],"collection":[{"href":"https:\/\/www.camping-panoramic.com\/de\/wp-json\/wp\/v2\/pages"}],"about":[{"href":"https:\/\/www.camping-panoramic.com\/de\/wp-json\/wp\/v2\/types\/page"}],"author":[{"embeddable":true,"href":"https:\/\/www.camping-panoramic.com\/de\/wp-json\/wp\/v2\/users\/1"}],"replies":[{"embeddable":true,"href":"https:\/\/www.camping-panoramic.com\/de\/wp-json\/wp\/v2\/comments?post=1237"}],"version-history":[{"count":6,"href":"https:\/\/www.camping-panoramic.com\/de\/wp-json\/wp\/v2\/pages\/1237\/revisions"}],"predecessor-version":[{"id":1626,"href":"https:\/\/www.camping-panoramic.com\/de\/wp-json\/wp\/v2\/pages\/1237\/revisions\/1626"}],"wp:attachment":[{"href":"https:\/\/www.camping-panoramic.com\/de\/wp-json\/wp\/v2\/media?parent=1237"}],"curies":[{"name":"wp","href":"https:\/\/api.w.org\/{rel}","templated":true}]}}