{"id":1243,"date":"2023-06-05T14:40:25","date_gmt":"2023-06-05T12:40:25","guid":{"rendered":"https:\/\/www.camping-panoramic.com\/aktivitaeten-und-animationen\/"},"modified":"2023-08-29T09:04:46","modified_gmt":"2023-08-29T07:04:46","slug":"activites-et-animations","status":"publish","type":"page","link":"https:\/\/www.camping-panoramic.com\/de\/activites-et-animations\/","title":{"rendered":"Aktivit\u00e4ten"},"content":{"rendered":"\n<div class=\"wp-block-cover alignfull\"><span aria-hidden=\"true\" class=\"has-background-dim-0 wp-block-cover__gradient-background has-background-dim\"><\/span><img width=\"1800\" height=\"700\" class=\"wp-block-cover__image-background wp-image-712\" alt=\"\" src=\"https:\/\/www.camping-panoramic.com\/wp-content\/uploads\/2023\/04\/RUBRIQUE-ACTIVITE-ANIMATIONS-Copie-2-1800x700-1.jpg\" data-object-fit=\"cover\" srcset=\"https:\/\/www.camping-panoramic.com\/wp-content\/uploads\/2023\/04\/RUBRIQUE-ACTIVITE-ANIMATIONS-Copie-2-1800x700-1.jpg 1800w, https:\/\/www.camping-panoramic.com\/wp-content\/uploads\/2023\/04\/RUBRIQUE-ACTIVITE-ANIMATIONS-Copie-2-1800x700-1-300x117.jpg 300w, https:\/\/www.camping-panoramic.com\/wp-content\/uploads\/2023\/04\/RUBRIQUE-ACTIVITE-ANIMATIONS-Copie-2-1800x700-1-1024x398.jpg 1024w, https:\/\/www.camping-panoramic.com\/wp-content\/uploads\/2023\/04\/RUBRIQUE-ACTIVITE-ANIMATIONS-Copie-2-1800x700-1-768x299.jpg 768w, https:\/\/www.camping-panoramic.com\/wp-content\/uploads\/2023\/04\/RUBRIQUE-ACTIVITE-ANIMATIONS-Copie-2-1800x700-1-1536x597.jpg 1536w\" sizes=\"(max-width: 1800px) 100vw, 1800px\" \/><div class=\"wp-block-cover__inner-container\">\n<h1 id=\"camping-presqu-ile-de-crozon-avec-activites\">Campingplatz Presqu&#8217;\u00eele de Crozon <strong>mit Aktivit\u00e4ten<\/strong><\/h1>\n<\/div><\/div>\n\n<div class=\"wp-block-columns P-05\">\n<div class=\"wp-block-column\">\n<h2 class=\"has-cafe-color has-text-color\" id=\"camping-crozon-pour-petits-et-grands-pour-des-vacances-en-famille-reussies-dans-le-finistere\">Camping Crozon f\u00fcr Gro\u00df und Klein f\u00fcr einen gelungenen Familienurlaub im Finist\u00e8re<\/h2>\n\n\n\n<p>Das Restaurant Ihres <strong>4-Sterne-Campingplatzes Crozon<\/strong> bietet Ihnen <strong>verschiedene Themenessen an<\/strong>. Im Rahmen &#8222;<strong>Freizeit und Kultur<\/strong>&#8220; finden Sie an der Rezeption alle n\u00fctzlichen Informationen.<\/p>\n\n\n\n<p>Das Unterhaltungsangebot auf der Halbinsel Crozon<strong>ist sehr vielf\u00e4ltig<\/strong>: Konzerte, Folkloreabende, M\u00e4rchenerz\u00e4hlungen, Nachtwachen im Parc d&#8217;Armorique, sensationelle Aktivit\u00e4ten, Flohm\u00e4rkte, Kirmes&#8230; Zu Ihrer Beruhigung werden auf dem Campingplatz <strong>keine lauten Partys veranstaltet<\/strong>.<\/p>\n\n\n\n<div class=\"wp-container-69e46274f317e wp-block-buttons\">\n<div class=\"wp-block-button btn_resa\"><a class=\"wp-block-button__link\">Buchen  <i class=\"fal fa-search\"><\/i><\/a><\/div>\n<\/div>\n\n\n\n<p class=\"h2\"><strong>Verbringen Sie einen ruhigen Aufenthalt<\/strong><\/p>\n<\/div>\n\n\n\n<div class=\"wp-block-column\">\n<div class=\"wp-container-69e46274f351f wp-block-buttons\">\n<div class=\"wp-block-button btn_galerie\"><a class=\"wp-block-button__link\" href=\"https:\/\/www.camping-panoramic.com\/de\/fotogalerie\/\"><i class=\"fas fa-camera-retro\"><\/i>  Siehe die Fotogalerie<\/a><\/div>\n<\/div>\n\n\n\n<figure class=\"wp-block-image size-full\"><img width=\"351\" height=\"527\" src=\"https:\/\/www.camping-panoramic.com\/wp-content\/uploads\/2023\/06\/CSM2020@alamoureux_MG_7796r.jpg\" alt=\"\" class=\"wp-image-1170\" srcset=\"https:\/\/www.camping-panoramic.com\/wp-content\/uploads\/2023\/06\/CSM2020@alamoureux_MG_7796r.jpg 351w, https:\/\/www.camping-panoramic.com\/wp-content\/uploads\/2023\/06\/CSM2020@alamoureux_MG_7796r-200x300.jpg 200w\" sizes=\"(max-width: 351px) 100vw, 351px\" \/><\/figure>\n\n\n<figure class=\"wp-block-image size-full is-resized\"><img src=\"https:\/\/www.camping-panoramic.com\/wp-content\/uploads\/2023\/06\/Camaret22@alamoureux_D6A7885r.jpg\" alt=\"\" class=\"wp-image-1178\" width=\"692\" height=\"461\" srcset=\"https:\/\/www.camping-panoramic.com\/wp-content\/uploads\/2023\/06\/Camaret22@alamoureux_D6A7885r.jpg 806w, https:\/\/www.camping-panoramic.com\/wp-content\/uploads\/2023\/06\/Camaret22@alamoureux_D6A7885r-300x200.jpg 300w, https:\/\/www.camping-panoramic.com\/wp-content\/uploads\/2023\/06\/Camaret22@alamoureux_D6A7885r-768x513.jpg 768w\" sizes=\"(max-width: 692px) 100vw, 692px\" \/><\/figure><\/div>\n<\/div>\n\n<div class=\"wp-block-columns alignfull P-20 reverse-mob\">\n<div class=\"wp-block-column\">\n<div class=\"wp-container-69e46274f38f9 wp-block-buttons\">\n<div class=\"wp-block-button btn_galerie\"><a class=\"wp-block-button__link\" href=\"https:\/\/www.camping-panoramic.com\/de\/fotogalerie\/\"><i class=\"fas fa-camera-retro\"><\/i>  Siehe die Fotogalerie<\/a><\/div>\n<\/div>\n\n\n\n<figure class=\"wp-block-image size-large\"><img width=\"1024\" height=\"683\" src=\"https:\/\/www.camping-panoramic.com\/wp-content\/uploads\/2023\/06\/george-bakos-mdkmFNuXH38-unsplash-1024x683.jpg\" alt=\"\" class=\"wp-image-1175\" srcset=\"https:\/\/www.camping-panoramic.com\/wp-content\/uploads\/2023\/06\/george-bakos-mdkmFNuXH38-unsplash-1024x683.jpg 1024w, https:\/\/www.camping-panoramic.com\/wp-content\/uploads\/2023\/06\/george-bakos-mdkmFNuXH38-unsplash-300x200.jpg 300w, https:\/\/www.camping-panoramic.com\/wp-content\/uploads\/2023\/06\/george-bakos-mdkmFNuXH38-unsplash-768x512.jpg 768w, https:\/\/www.camping-panoramic.com\/wp-content\/uploads\/2023\/06\/george-bakos-mdkmFNuXH38-unsplash-1536x1024.jpg 1536w, https:\/\/www.camping-panoramic.com\/wp-content\/uploads\/2023\/06\/george-bakos-mdkmFNuXH38-unsplash.jpg 1920w\" sizes=\"(max-width: 1024px) 100vw, 1024px\" \/><\/figure>\n\n\n<figure class=\"wp-block-image size-large\"><img width=\"1024\" height=\"512\" src=\"https:\/\/www.camping-panoramic.com\/wp-content\/uploads\/2023\/06\/Tennis3-1024x512.jpg\" alt=\"\" class=\"wp-image-1167\" srcset=\"https:\/\/www.camping-panoramic.com\/wp-content\/uploads\/2023\/06\/Tennis3-1024x512.jpg 1024w, https:\/\/www.camping-panoramic.com\/wp-content\/uploads\/2023\/06\/Tennis3-300x150.jpg 300w, https:\/\/www.camping-panoramic.com\/wp-content\/uploads\/2023\/06\/Tennis3-768x384.jpg 768w, https:\/\/www.camping-panoramic.com\/wp-content\/uploads\/2023\/06\/Tennis3-1536x768.jpg 1536w, https:\/\/www.camping-panoramic.com\/wp-content\/uploads\/2023\/06\/Tennis3.jpg 2000w\" sizes=\"(max-width: 1024px) 100vw, 1024px\" \/><\/figure><\/div>\n\n\n\n<div class=\"wp-block-column\">\n<h2 id=\"activites-dans-votre-camping-4-etoiles-a-crozon\">Aktivit\u00e4ten auf Ihrem 4-Sterne-Campingplatz in Crozon<\/h2>\n\n\n\n<ul class=\"pictos col-3 scroll-mob has-bleu-color has-text-color\"><li><i class=\"fal fa-child\"><\/i> <strong>Spielpl\u00e4tze<\/strong> f\u00fcr Kinder<\/li><li><i class=\"fal fa-joystick\"><\/i>  Spielzimmer<\/li><li><i class=\"fal fa-tv\"><\/i> <strong>Fernsehraum<\/strong> mit Wifi<\/li><li><i class=\"fal fa-tennis-ball\"><\/i>  Bouleplatz<\/li><li><i class=\"fal fa-volleyball\"><\/i>  Volleyballfeld<\/li><li><i class=\"fal fa-racquet\"><\/i>  Tennisplatz<\/li><li><i class=\"fal fa-water-ladder\"><\/i>  Wasserraum<\/li><li><i class=\"fal fa-person-biking\"><\/i> <strong>Fahrradverleih<\/strong> <\/li><\/ul><\/div>\n<\/div>\n","protected":false},"excerpt":{"rendered":"<p>Camping Crozon f\u00fcr Gro\u00df und Klein f\u00fcr einen gelungenen Familienurlaub im Finist\u00e8re Das Restaurant Ihres 4-Sterne-Campingplatzes Crozon bietet Ihnen verschiedene Themenessen an. Im Rahmen &#8222;Freizeit und Kultur&#8220; finden Sie an der Rezeption alle n\u00fctzlichen Informationen. Das Unterhaltungsangebot auf der Halbinsel Crozonist sehr vielf\u00e4ltig: Konzerte, Folkloreabende, M\u00e4rchenerz\u00e4hlungen, Nachtwachen im Parc d&#8217;Armorique, sensationelle Aktivit\u00e4ten, Flohm\u00e4rkte, Kirmes&#8230; Zu [&hellip;]<\/p>\n","protected":false},"author":1,"featured_media":0,"parent":0,"menu_order":0,"comment_status":"closed","ping_status":"closed","template":"","meta":[],"acf":[],"_links":{"self":[{"href":"https:\/\/www.camping-panoramic.com\/de\/wp-json\/wp\/v2\/pages\/1243"}],"collection":[{"href":"https:\/\/www.camping-panoramic.com\/de\/wp-json\/wp\/v2\/pages"}],"about":[{"href":"https:\/\/www.camping-panoramic.com\/de\/wp-json\/wp\/v2\/types\/page"}],"author":[{"embeddable":true,"href":"https:\/\/www.camping-panoramic.com\/de\/wp-json\/wp\/v2\/users\/1"}],"replies":[{"embeddable":true,"href":"https:\/\/www.camping-panoramic.com\/de\/wp-json\/wp\/v2\/comments?post=1243"}],"version-history":[{"count":6,"href":"https:\/\/www.camping-panoramic.com\/de\/wp-json\/wp\/v2\/pages\/1243\/revisions"}],"predecessor-version":[{"id":1588,"href":"https:\/\/www.camping-panoramic.com\/de\/wp-json\/wp\/v2\/pages\/1243\/revisions\/1588"}],"wp:attachment":[{"href":"https:\/\/www.camping-panoramic.com\/de\/wp-json\/wp\/v2\/media?parent=1243"}],"curies":[{"name":"wp","href":"https:\/\/api.w.org\/{rel}","templated":true}]}}