{"id":1267,"date":"2023-06-05T14:50:47","date_gmt":"2023-06-05T12:50:47","guid":{"rendered":"https:\/\/www.camping-panoramic.com\/standorte\/"},"modified":"2024-11-15T13:49:01","modified_gmt":"2024-11-15T12:49:01","slug":"standorte","status":"publish","type":"page","link":"https:\/\/www.camping-panoramic.com\/de\/standorte\/","title":{"rendered":"Standorte"},"content":{"rendered":"\n<div class=\"wp-block-cover alignfull\"><span aria-hidden=\"true\" class=\"has-background-dim-0 wp-block-cover__gradient-background has-background-dim\"><\/span><img width=\"2000\" height=\"1331\" class=\"wp-block-cover__image-background wp-image-1154\" alt=\"\" src=\"https:\/\/www.camping-panoramic.com\/wp-content\/uploads\/2023\/06\/vue-4.jpg\" data-object-fit=\"cover\" srcset=\"https:\/\/www.camping-panoramic.com\/wp-content\/uploads\/2023\/06\/vue-4.jpg 2000w, https:\/\/www.camping-panoramic.com\/wp-content\/uploads\/2023\/06\/vue-4-300x200.jpg 300w, https:\/\/www.camping-panoramic.com\/wp-content\/uploads\/2023\/06\/vue-4-1024x681.jpg 1024w, https:\/\/www.camping-panoramic.com\/wp-content\/uploads\/2023\/06\/vue-4-768x511.jpg 768w, https:\/\/www.camping-panoramic.com\/wp-content\/uploads\/2023\/06\/vue-4-1536x1022.jpg 1536w\" sizes=\"(max-width: 2000px) 100vw, 2000px\" \/><div class=\"wp-block-cover__inner-container\">\n<h1 id=\"emplacements-camping-car-ou-tente-jusqu-a-200m\u00b2-camping-le-panoramic-en-presqu-ile-de-crozon\">Stellpl\u00e4tze f\u00fcr Wohnmobile oder Zelte bis zu 200m\u00b2 <strong>Camping **** Le Panoramic auf der Halbinsel Crozon<\/strong><\/h1>\n<\/div><\/div>\n\n\n\n<div class=\"wp-block-columns P-05\">\n<div class=\"wp-block-column\">\n<h2 class=\"has-cafe-color has-text-color\" id=\"votre-emplacement-de-camping-crozon-a-telgruc-sur-mer-a-l-entree-de-la-presqu-ile\">Ihr Stellplatz auf dem Campingplatz Crozon in Telgruc-sur-Mer am Eingang der Halbinsel<\/h2>\n\n\n\n<p>Das Panoramic lehnt sich an den <strong>sonnigen Hang eines mit Heidekraut<\/strong>, Ginster und Kiefern bewachsenen H\u00fcgels und bietet einen atemberaubenden Panoramablick auf die Bucht von Douarnenez und den Strand von Trez Bellec. Der Strand ist 1,5 km lang und liegt 700 m vom Campingplatz Crozon entfernt und ist \u00fcber kleine Wege zu erreichen.<\/p>\n\n\n\n<p>Die <strong>4 Hektar <\/strong>Ihres<strong> 4-Sterne-Campingplatzes in Crozon <\/strong>sind als private Wiesenterrassen angelegt, die durch Kiefern- und Birkenw\u00e4ldchen sowie bl\u00fchende Hecken abgegrenzt und \u00fcber asphaltierte, nachts beleuchtete Wege erreichbar sind.<\/p>\n\n\n\n<div class=\"wp-block-group lire-plus-pc\"><div class=\"wp-block-group__inner-container\">\n<p>Lesen Sie mehr<\/p>\n\n\n\n<div class=\"wp-container-69e478c77da1f wp-block-group\"><div class=\"wp-block-group__inner-container\">\n<p>Jede Familie wird sich auf ihrem Stellplatz auf dem Campingplatz Crozon wie zu Hause f\u00fchlen, in einer ruhigen, gr\u00fcnen Umgebung, eingelullt vom Gesang der V\u00f6gel und \u00fcberrascht von der Geschicklichkeit der Eichh\u00f6rnchen.<\/p>\n\n\n\n<p>F\u00fcr Ihren Komfort stehen Ihnen 3 Sanit\u00e4rbl\u00f6cke mit Kinderb\u00e4dern zur Verf\u00fcgung, und wir achten gewissenhaft darauf, dass sie den ganzen Tag \u00fcber vorbildlich sauber gehalten werden.<\/p>\n<\/div><\/div>\n<\/div><\/div>\n\n\n\n<div class=\"wp-container-69e478c77de34 wp-block-buttons\">\n<div class=\"wp-block-button\"><a class=\"wp-block-button__link\" href=\"https:\/\/www.camping-panoramic.com\/wp-content\/uploads\/2023\/04\/Plan-Camping-Le-Panoramic-2023.pdf\" target=\"_blank\" rel=\"noreferrer noopener\"><i class=\"fas fa-map\"><\/i>  Plan des Campingplatzes<\/a><\/div>\n\n\n\n<div class=\"wp-block-button is-style-outline\"><a class=\"wp-block-button__link\" href=\"https:\/\/www.camping-panoramic.com\/wp-content\/uploads\/2023\/04\/Formulaire-de-reservation-FR-2021.pdf\" target=\"_blank\" rel=\"noreferrer noopener\"><i class=\"fas fa-arrow-down-to-line\"><\/i>  Buchungsformular<\/a><\/div>\n<\/div>\n\n\n\n<p class=\"h2\"><strong>Entdecken Sie das Finist\u00e8re<\/strong><\/p>\n<\/div>\n\n\n\n<div class=\"wp-block-column\">\n<div class=\"wp-container-69e478c77e1c8 wp-block-buttons\">\n<div class=\"wp-block-button btn_galerie\"><a class=\"wp-block-button__link\" href=\"https:\/\/www.camping-panoramic.com\/de\/fotogalerie\/\"><i class=\"fas fa-camera-retro\"><\/i>  Siehe die Fotogalerie<\/a><\/div>\n<\/div>\n\n\n\n<figure class=\"wp-block-image size-large\"><img width=\"1024\" height=\"768\" src=\"https:\/\/www.camping-panoramic.com\/wp-content\/uploads\/2023\/06\/LE-PANORAMIC-CROZON-Camping-car-1024x768.jpg\" alt=\"\" class=\"wp-image-1158\" srcset=\"https:\/\/www.camping-panoramic.com\/wp-content\/uploads\/2023\/06\/LE-PANORAMIC-CROZON-Camping-car-1024x768.jpg 1024w, https:\/\/www.camping-panoramic.com\/wp-content\/uploads\/2023\/06\/LE-PANORAMIC-CROZON-Camping-car-300x225.jpg 300w, https:\/\/www.camping-panoramic.com\/wp-content\/uploads\/2023\/06\/LE-PANORAMIC-CROZON-Camping-car-768x576.jpg 768w, https:\/\/www.camping-panoramic.com\/wp-content\/uploads\/2023\/06\/LE-PANORAMIC-CROZON-Camping-car-1536x1152.jpg 1536w, https:\/\/www.camping-panoramic.com\/wp-content\/uploads\/2023\/06\/LE-PANORAMIC-CROZON-Camping-car-2048x1536.jpg 2048w\" sizes=\"(max-width: 1024px) 100vw, 1024px\" \/><\/figure>\n\n\n\n<figure class=\"wp-block-image size-large\"><img width=\"1024\" height=\"398\" src=\"https:\/\/www.camping-panoramic.com\/wp-content\/uploads\/2023\/04\/\u00a9-Sites-et-Paysages-Le-Panoramic-20-emplacement-F-vue-mer-1800x700-1-1024x398.jpg\" alt=\"\" class=\"wp-image-757\" srcset=\"https:\/\/www.camping-panoramic.com\/wp-content\/uploads\/2023\/04\/\u00a9-Sites-et-Paysages-Le-Panoramic-20-emplacement-F-vue-mer-1800x700-1-1024x398.jpg 1024w, https:\/\/www.camping-panoramic.com\/wp-content\/uploads\/2023\/04\/\u00a9-Sites-et-Paysages-Le-Panoramic-20-emplacement-F-vue-mer-1800x700-1-300x117.jpg 300w, https:\/\/www.camping-panoramic.com\/wp-content\/uploads\/2023\/04\/\u00a9-Sites-et-Paysages-Le-Panoramic-20-emplacement-F-vue-mer-1800x700-1-768x299.jpg 768w, https:\/\/www.camping-panoramic.com\/wp-content\/uploads\/2023\/04\/\u00a9-Sites-et-Paysages-Le-Panoramic-20-emplacement-F-vue-mer-1800x700-1-1536x597.jpg 1536w, https:\/\/www.camping-panoramic.com\/wp-content\/uploads\/2023\/04\/\u00a9-Sites-et-Paysages-Le-Panoramic-20-emplacement-F-vue-mer-1800x700-1.jpg 1800w\" sizes=\"(max-width: 1024px) 100vw, 1024px\" \/><\/figure>\n<\/div>\n<\/div>\n\n\n\n<pre id=\"tw-target-text\" class=\"wp-block-preformatted\">Unsere Standorte sind in vier Kategorien unterteilt: \n- Nat\u00fcrlicher Komfort: Zwischen 80m\u00b2 und 120m\u00b2 (Zelt, Van, Van)\n- Comfort Sea View: Zwischen 80m\u00b2 und 120m\u00b2 mit Meerblick (Zelt, Van, Van)\n- XL Natur: Zwischen 120m\u00b2 und 200m\u00b2 (Zelt, Van, Van, Wohnmobil, Wohnwagen)\n- XL-Meerblick: Zwischen 120m\u00b2 und 200m\u00b2 mit Meerblick (Zelt, Van, Van, Wohnmobil, Wohnwagen)\nStrom- und Wasseranschl\u00fcsse sind auf allen vier Stellplatzkategorien verf\u00fcgbar.<\/pre>\n\n\n\n<div class=\"wp-block-columns alignfull P-10 reverse-mob\">\n<div class=\"wp-block-column\">\n<figure class=\"wp-block-gallery has-nested-images columns-4 is-cropped diaporama-mob\">\n<figure class=\"wp-block-image size-full\"><img width=\"914\" height=\"686\" src=\"https:\/\/www.camping-panoramic.com\/wp-content\/uploads\/2023\/04\/00000901311.webp\" alt=\"\" class=\"wp-image-763\" srcset=\"https:\/\/www.camping-panoramic.com\/wp-content\/uploads\/2023\/04\/00000901311.webp 914w, https:\/\/www.camping-panoramic.com\/wp-content\/uploads\/2023\/04\/00000901311-300x225.webp 300w, https:\/\/www.camping-panoramic.com\/wp-content\/uploads\/2023\/04\/00000901311-768x576.webp 768w\" sizes=\"(max-width: 914px) 100vw, 914px\" \/><\/figure>\n\n\n\n<figure class=\"wp-block-image size-large\"><img width=\"683\" height=\"1024\" src=\"https:\/\/www.camping-panoramic.com\/wp-content\/uploads\/2023\/04\/00000780952-683x1024.webp\" alt=\"\" class=\"wp-image-766\" srcset=\"https:\/\/www.camping-panoramic.com\/wp-content\/uploads\/2023\/04\/00000780952-683x1024.webp 683w, https:\/\/www.camping-panoramic.com\/wp-content\/uploads\/2023\/04\/00000780952-200x300.webp 200w, https:\/\/www.camping-panoramic.com\/wp-content\/uploads\/2023\/04\/00000780952-768x1152.webp 768w, https:\/\/www.camping-panoramic.com\/wp-content\/uploads\/2023\/04\/00000780952.webp 914w\" sizes=\"(max-width: 683px) 100vw, 683px\" \/><\/figure>\n\n\n\n<figure class=\"wp-block-image size-full\"><img width=\"914\" height=\"640\" src=\"https:\/\/www.camping-panoramic.com\/wp-content\/uploads\/2023\/04\/00000377167.webp\" alt=\"\" class=\"wp-image-769\" srcset=\"https:\/\/www.camping-panoramic.com\/wp-content\/uploads\/2023\/04\/00000377167.webp 914w, https:\/\/www.camping-panoramic.com\/wp-content\/uploads\/2023\/04\/00000377167-300x210.webp 300w, https:\/\/www.camping-panoramic.com\/wp-content\/uploads\/2023\/04\/00000377167-768x538.webp 768w\" sizes=\"(max-width: 914px) 100vw, 914px\" \/><\/figure>\n<\/figure>\n<\/div>\n\n\n\n<div class=\"wp-block-column\">\n<h2 class=\"has-gris-color has-text-color\" id=\"un-camping-crozon-avec-emplacements-pour-tente-caravane-et-camping-car-avec-vue-sur-la-baie-de-douarnenez\">Ein Campingplatz Crozon mit Stellpl\u00e4tzen f\u00fcr Zelte, Wohnwagen und Wohnmobile mit Blick auf die Bucht von Douarnenez<\/h2>\n\n\n\n<p>Die 117 Stellpl\u00e4tze f\u00fcr Zelte, Wohnwagen und Wohnmobile sind wahlweise <strong>sonnig oder halbschattig.<\/strong> Sie bieten eine Fl\u00e4che von 80 bis 180 m2.<\/p>\n\n\n\n<div class=\"wp-container-69e478c77e728 wp-block-buttons\">\n<div class=\"wp-block-button btn_resa\"><a class=\"wp-block-button__link\">Buchen  <i class=\"fal fa-search\"><\/i><\/a><\/div>\n<\/div>\n\n\n\n<ul class=\"pictos col-4 liste-mob has-bleu-color has-text-color\"><li><i class=\"fal fa-bolt\"><\/i> <strong>Elektrizit\u00e4t<\/strong> 10 A<\/li><li><i class=\"fal fa-droplet\"><\/i> <strong>Trinkwasser<\/strong>&#8211; und Abwassernetze<\/li><li><i class=\"fal fa-water\"><\/i> <strong>Stellpl\u00e4tze<\/strong> mit Meerblick<\/li><li><i class=\"fal fa-wheelchair-move\"><\/i> PMR-<strong>Zugang<\/strong><\/li><\/ul>\n<\/div>\n<\/div>\n","protected":false},"excerpt":{"rendered":"<p>Ihr Stellplatz auf dem Campingplatz Crozon in Telgruc-sur-Mer am Eingang der Halbinsel Das Panoramic lehnt sich an den sonnigen Hang eines mit Heidekraut, Ginster und Kiefern bewachsenen H\u00fcgels und bietet einen atemberaubenden Panoramablick auf die Bucht von Douarnenez und den Strand von Trez Bellec. Der Strand ist 1,5 km lang und liegt 700 m vom [&hellip;]<\/p>\n","protected":false},"author":1,"featured_media":0,"parent":0,"menu_order":0,"comment_status":"closed","ping_status":"closed","template":"","meta":[],"acf":[],"_links":{"self":[{"href":"https:\/\/www.camping-panoramic.com\/de\/wp-json\/wp\/v2\/pages\/1267"}],"collection":[{"href":"https:\/\/www.camping-panoramic.com\/de\/wp-json\/wp\/v2\/pages"}],"about":[{"href":"https:\/\/www.camping-panoramic.com\/de\/wp-json\/wp\/v2\/types\/page"}],"author":[{"embeddable":true,"href":"https:\/\/www.camping-panoramic.com\/de\/wp-json\/wp\/v2\/users\/1"}],"replies":[{"embeddable":true,"href":"https:\/\/www.camping-panoramic.com\/de\/wp-json\/wp\/v2\/comments?post=1267"}],"version-history":[{"count":6,"href":"https:\/\/www.camping-panoramic.com\/de\/wp-json\/wp\/v2\/pages\/1267\/revisions"}],"predecessor-version":[{"id":1669,"href":"https:\/\/www.camping-panoramic.com\/de\/wp-json\/wp\/v2\/pages\/1267\/revisions\/1669"}],"wp:attachment":[{"href":"https:\/\/www.camping-panoramic.com\/de\/wp-json\/wp\/v2\/media?parent=1267"}],"curies":[{"name":"wp","href":"https:\/\/api.w.org\/{rel}","templated":true}]}}